{"id":8,"date":"2018-07-31T19:11:25","date_gmt":"2018-07-31T17:11:25","guid":{"rendered":"http:\/\/backup.bluetreegroup.de\/?page_id=8"},"modified":"2026-03-10T10:49:39","modified_gmt":"2026-03-10T09:49:39","slug":"impressum","status":"publish","type":"page","link":"https:\/\/bluetreegroup.de\/en\/impressum\/","title":{"rendered":"Impressum"},"content":{"rendered":"<p><strong>Name und Anschrift des Anbieters<\/strong><br \/>\nBlue Tree Group GmbH<br \/>\nEmil Riedel Str. 2<br \/>\nD-80538 M\u00fcnchen<\/p>\n<p><strong>Informationen zur schnellen Kontaktaufnahme<\/strong><br \/>\nTelefon: +49 (0) 89 244 01 737<br \/>\nE-mail Kontakt: <a href=\"mailto:advisory@bluetreegroup.com\">advisory@bluetreegroup.com<\/a><\/p>\n<p><strong>Vertretungsberechtigter Gesch\u00e4ftsf\u00fchrer<\/strong><br \/>\nDr. Michael Daldrup, CCrA<\/p>\n<p><strong>Register und Registernummer<\/strong><br \/>\nRegistergericht: Amtsgericht M\u00fcnchen<br \/>\nRegisternummer: HRB 204651<\/p>\n<p><strong>Umsatzsteuer-Identifikationsnummer<\/strong><br \/>\nUmsatzsteuer-Identifikationsnummer gem\u00e4\u00df \u00a7 27a UStG: DE 267 186 889<\/p>\n<p><strong>Konzeption, Gestaltung, Realisierung <\/strong><br \/>\ngiftGR\u00dcN GmbH<br \/>\nDigitalagentur<br \/>\nAugustastra\u00dfe 78<br \/>\n52070 Aachen<br \/>\nTel. 02 41 \/ 990 980 \u2013 0<br \/>\nFax. 02 41 \/ 990 980 \u2013 29<br \/>\n<a href=\"http:\/\/www.giftgruen.com\" target=\"_blank\" rel=\"noopener noreferrer\">www.giftgruen.com<\/a><\/p>\n<p><strong>Haftungsausschluss:<\/strong><br \/>\nBlue Tree Group GmbH kontrolliert und aktualisiert regelm\u00e4\u00dfig die auf ihrer Webseite dargestellten Informationen. Trotz sorgf\u00e4ltiger Kontrolle k\u00f6nnen sich manche Informationen seit Ver\u00f6ffentlichung auf der Webseite ge\u00e4ndert haben. Blue Tree kann daher keine Verantwortung daf\u00fcr \u00fcbernehmen oder Garantie daf\u00fcr abgeben, dass die dargestellten Daten korrekt, aktuell oder vollst\u00e4ndig sind. Das gleiche gilt f\u00fcr alle anderen Webseiten, durch die eine Person \u00fcber Hyperlinks geleitet wird. Blue Tree ist nicht verantwortlich f\u00fcr den Inhalt von Webseiten, die \u00fcber Hyperlinks erreicht werden. Dazu beh\u00e4lt sich Blue Tree das Recht vor, die dargestellten Informationen zu \u00e4ndern oder zu erg\u00e4nzen. Trotz sorgf\u00e4ltiger inhaltlicher Kontrolle \u00fcbernehmen wir keine Haftung f\u00fcr die Inhalte externer Links. F\u00fcr den Inhalt der verlinkten Seiten sind ausschlie\u00dflich deren Betreiber verantwortlich.<\/p>\n<p><strong>Bildnachweise und Nutzungsrechte:<\/strong><\/p>\n<p>Ein Teil der auf dieser Website verwendeten Bilder, Fotografien und visuellen Darstellungen wurde \u00fcber professionelle Bildagenturen (Stockplattformen) bezogen und entsprechend der jeweiligen Lizenzbedingungen rechtm\u00e4\u00dfig erworben.<\/p>\n<p>Die Bildrechte verbleiben bei den jeweiligen Urhebern bzw. Lizenzgebern. Die Nutzung auf dieser Website erfolgt im Rahmen der einger\u00e4umten Nutzungsrechte.<\/p>\n<p>Jegliche Vervielf\u00e4ltigung, Bearbeitung, Verbreitung oder sonstige Nutzung der Bilder au\u00dferhalb der Grenzen des Urheberrechts bedarf der vorherigen schriftlichen Zustimmung des jeweiligen Rechteinhabers.<\/p>\n<p><strong>\u00a9 Copyright 2026 Blue Tree Group GmbH. All Rights Reserved.<\/strong><\/p>\n","protected":false},"excerpt":{"rendered":"<p>Name und Anschrift des Anbieters Blue Tree Group GmbH Emil Riedel Str. 2 D-80538 M\u00fcnchen Informationen zur schnellen Kontaktaufnahme Telefon: +49 (0) 89 244 01 737 E-mail Kontakt: advisory@bluetreegroup.com Vertretungsberechtigter Gesch\u00e4ftsf\u00fchrer Dr. Michael Daldrup, CCrA Register und Registernummer Registergericht: Amtsgericht M\u00fcnchen Registernummer: HRB 204651 Umsatzsteuer-Identifikationsnummer Umsatzsteuer-Identifikationsnummer gem\u00e4\u00df \u00a7 27a UStG: DE 267 186 889 Konzeption, [&hellip;]<\/p>\n","protected":false},"author":1723,"featured_media":0,"parent":0,"menu_order":0,"comment_status":"closed","ping_status":"closed","template":"page-single.php","meta":[],"_links":{"self":[{"href":"https:\/\/bluetreegroup.de\/en\/wp-json\/wp\/v2\/pages\/8"}],"collection":[{"href":"https:\/\/bluetreegroup.de\/en\/wp-json\/wp\/v2\/pages"}],"about":[{"href":"https:\/\/bluetreegroup.de\/en\/wp-json\/wp\/v2\/types\/page"}],"author":[{"embeddable":true,"href":"https:\/\/bluetreegroup.de\/en\/wp-json\/wp\/v2\/users\/1723"}],"replies":[{"embeddable":true,"href":"https:\/\/bluetreegroup.de\/en\/wp-json\/wp\/v2\/comments?post=8"}],"version-history":[{"count":2,"href":"https:\/\/bluetreegroup.de\/en\/wp-json\/wp\/v2\/pages\/8\/revisions"}],"predecessor-version":[{"id":2641,"href":"https:\/\/bluetreegroup.de\/en\/wp-json\/wp\/v2\/pages\/8\/revisions\/2641"}],"wp:attachment":[{"href":"https:\/\/bluetreegroup.de\/en\/wp-json\/wp\/v2\/media?parent=8"}],"curies":[{"name":"wp","href":"https:\/\/api.w.org\/{rel}","templated":true}]}}